{"id":7535,"date":"2019-11-03T21:56:49","date_gmt":"2019-11-03T20:56:49","guid":{"rendered":"http:\/\/napnt.pl\/strona\/?page_id=7535"},"modified":"2023-08-28T01:37:40","modified_gmt":"2023-08-27T23:37:40","slug":"polityka-prywatnosci","status":"publish","type":"page","link":"https:\/\/napnt.pl\/strona\/polityka-prywatnosci\/","title":{"rendered":"Polityka prywatno\u015bci i regulamin \u015bwiadczenia us\u0142ugi szkoleniowej"},"content":{"rendered":"<p style=\"text-align: center;\"><strong>POLITYKA PRYWATNO\u015aCI NAP POLONII NOWY TOMY\u015aL<\/strong><\/p>\n<p><strong>RODO <\/strong>&#8211; Rozporz\u0105dzenie Parlamentu Europejskiego i Rady (UE) 2016\/679 w sprawie ochrony os\u00f3b fizycznych w zwi\u0105zku z przetwarzaniem danych osobowych i w sprawie swobodnego przep\u0142ywu takich danych oraz uchylenia dyrektywy 95\/46\/WE (og\u00f3lne rozporz\u0105dzenie o ochronie danych).<\/p>\n<p><strong>Dane Administratora:<\/strong> Informujemy, \u017ce Administratorem Pani\/Pana danych osobowych (dalej jako: \u201eDane Osobowe\u201d) jest Nowotomyska Akademia Pi\u0142karska Polonia Nowy Tomy\u015bl (dalej jako: NAP Polonia Nowy Tomy\u015bl), adres siedziby: 64-300 Nowy Tomy\u015bl, ul. \u015al\u00f3sarskiego 12\/12, NIP 788-199-42-85, REGON: 302207569.<\/p>\n<h5>Pe\u0142na tre\u015b\u0107 klauzuli informacyjnej &#8211; obowi\u0105zek informacyjny Administratora danych osobowych, dost\u0119pna po klikni\u0119ciu w <a href=\"https:\/\/napnt.pl\/strona\/wp-content\/uploads\/2019\/11\/Zasady-przetwarzania-danych-osobowych.pdf\"><span style=\"color: #ff0000;\"><strong>LINK.\u00a0<\/strong><\/span><\/a><\/h5>\n<p style=\"text-align: center;\"><strong>COOKIES<\/strong><\/p>\n<ol>\n<li>NAP Polonia Nowy Tomy\u015b\u0142 podczas udost\u0119pniana zawarto\u015bci swoich stron WWW stosuje pliki cookies (tzw. ciasteczka) czyli dane informatyczne, w szczeg\u00f3lno\u015bci pliki tekstowe, kt\u00f3re zapisywane s\u0105 ka\u017cdorazowo przez serwer na urz\u0105dzeniu z kt\u00f3rego korzysta U\u017cytkownik. Mo\u017cliwe jest tak\u017ce u\u017cywanie przez NAP Poloni\u0119 Nowy Tomy\u015bl technologii o funkcjonalno\u015bci zbli\u017conej do plik\u00f3w cookies. Zapisywane pliki cookies zawieraj\u0105 zazwyczaj: unikalny numer, czas przechowywania ich na urz\u0105dzeniu U\u017cytkownika, nazw\u0119 domeny serwisu z kt\u00f3rego pochodz\u0105.<\/li>\n<li>Pliki ciasteczek wykorzystywane s\u0105 przez NAP Poloni\u0119 Nowy Tomy\u015bl w nast\u0119puj\u0105cym celu:<\/li>\n<\/ol>\n<ul>\n<li>optymalizacji dostosowania zawarto\u015bci stron WWW do preferencji U\u017cytkownika, pozwalaj\u0105 one na rozpoznanie urz\u0105dzenia U\u017cytkownika i przedstawienie stron WWW w formie dostosowanej do jego potrzeb,<\/li>\n<li>tworzenia statystyk umo\u017cliwiaj\u0105cych spos\u00f3b U\u017cytkowania stron WWW przez u\u017cytkownika i pozwalaj\u0105cych na ulepszenie ich zawarto\u015bci i struktury,<\/li>\n<li>utrzymania sesji przegl\u0105darki internetowej zalogowanego U\u017cytkownika, dzi\u0119ki czemu nie ma konieczno\u015bci logowania si\u0119 przy przej\u015bciu na kolejne podstrony serwisu,<\/li>\n<li>przedstawieniu U\u017cytkownikom reklam dostosowanych do ich zainteresowa\u0144<\/li>\n<\/ul>\n<ol>\n<li>NAP Polonia Nowy Tomy\u015bl stosuje pliki cookies o nast\u0119puj\u0105cych rodzajach i funkcjach<\/li>\n<\/ol>\n<ul>\n<li>Uwierzytelniaj\u0105ce,<\/li>\n<li>Zapewniaj\u0105ce bezpiecze\u0144stwo i wykrywaj\u0105ce nadu\u017cycia,<\/li>\n<li>Zbieraj\u0105ce informacje o sposobie u\u017cycia stron WWW,<\/li>\n<li>Zapami\u0119tuj\u0105ce ustawienia i personifikuj\u0105ce wygl\u0105d interfejsu U\u017cytkownika,<\/li>\n<li>Pozwalaj\u0105ce na lepsze dostosowanie tre\u015bci reklamowych do zainteresowa\u0144 U\u017cytkownika.<\/li>\n<\/ul>\n<p>Zamieszczane przez serwer pliki cookies mo\u017cna podzieli\u0107 na dwa rodzaje: pliki sesyjne, kt\u00f3re s\u0105 tymczasowe i pozostaj\u0105 w urz\u0105dzeniu U\u017cytkownika tylko do czasu wylogowania si\u0119 ze stron WWW lub zamkni\u0119cia przegl\u0105darki internetowej oraz pliki sta\u0142e, kt\u00f3re pozostaj\u0105 w urz\u0105dzeniu U\u017cytkownika do momentu ich r\u0119cznego usuni\u0119cia lub do daty okre\u015blonej w parametrach danego pliku cookies.<\/p>\n<ol>\n<li>Oprogramowanie s\u0142u\u017c\u0105ce do przegl\u0105dania zawarto\u015bci stron internetowych zazwyczaj domy\u015blnie zezwala na przechowywanie plik\u00f3w cookies w urz\u0105dzeniu U\u017cytkownika, jednak w ka\u017cdej chwili ustawienia dotycz\u0105ce tych plik\u00f3w mog\u0105 zosta\u0107 zmienione przez U\u017cytkownika. Zwykle mo\u017cliwe jest ca\u0142kowite zablokowanie ich pobierania lub wymuszenie informacji o ka\u017cdorazowym zapisywaniu tych plik\u00f3w na urz\u0105dzeniu U\u017cytkownika. Szczeg\u00f3\u0142owe informacje o sposobach obs\u0142ugi plik\u00f3w cookies znajdziecie Pa\u0144stwo w ustawieniach oprogramowania do przegl\u0105dania zawarto\u015bci stron internetowych z jakiego korzystacie. Pomocne mog\u0105 by\u0107 w tym celu nast\u0119puj\u0105ce poradniki:<\/li>\n<\/ol>\n<ul>\n<li><a href=\"http:\/\/support.mozilla.org\/pl\/kb\/W%C5%82%C4%85czanie%20i%20wy%C5%82%C4%85czanie%20obs%C5%82ugi%20ciasteczek\">Mozilla Firefox<\/a><\/li>\n<li><a href=\"http:\/\/support.google.com\/chrome\/bin\/answer.py?hl=pl&amp;answer=95647\">Google Chome<\/a><\/li>\n<li><a href=\"http:\/\/support.microsoft.com\/kb\/278835\/pl\">Microsoft Internet Explorer<\/a><\/li>\n<li><a href=\"http:\/\/help.opera.com\/Linux\/9.22\/pl\/cookies.html\">Opera<\/a><\/li>\n<\/ul>\n<ol>\n<li>Wy\u0142\u0105czenie przez U\u017cytkownik\u00f3w stosowania plik\u00f3w cookies mo\u017ce spowodowa\u0107 utrudnienia w dzia\u0142aniu lub uniemo\u017cliwi\u0107 dzia\u0142anie niekt\u00f3rych us\u0142ug oferowanych przez Serwis, w szczeg\u00f3lno\u015bci tych, kt\u00f3re wymagaj\u0105 logowania. Wy\u0142\u0105czenia opcji cookies nie powoduje utrudnie\u0144 w ogl\u0105daniu i czytaniu tre\u015bci nie wymagaj\u0105cych logowania.<\/li>\n<\/ol>\n<p style=\"text-align: center;\">\n<p>&nbsp;<\/p>\n","protected":false},"excerpt":{"rendered":"<p>POLITYKA PRYWATNO\u015aCI NAP POLONII NOWY TOMY\u015aL RODO &#8211; Rozporz\u0105dzenie Parlamentu Europejskiego i Rady (UE) 2016\/679 w sprawie ochrony os\u00f3b fizycznych w zwi\u0105zku z przetwarzaniem danych osobowych i w sprawie swobodnego przep\u0142ywu takich danych oraz uchylenia dyrektywy 95\/46\/WE (og\u00f3lne rozporz\u0105dzenie o ochronie danych). Dane Administratora: Informujemy, \u017ce Administratorem Pani\/Pana danych osobowych (dalej jako: \u201eDane Osobowe\u201d) jest [&hellip;]<\/p>\n","protected":false},"author":2,"featured_media":0,"parent":0,"menu_order":0,"comment_status":"closed","ping_status":"closed","template":"","meta":{"_monsterinsights_skip_tracking":false,"_monsterinsights_sitenote_active":false,"_monsterinsights_sitenote_note":"","_monsterinsights_sitenote_category":0,"footnotes":""},"class_list":["post-7535","page","type-page","status-publish","hentry"],"_links":{"self":[{"href":"https:\/\/napnt.pl\/strona\/wp-json\/wp\/v2\/pages\/7535","targetHints":{"allow":["GET"]}}],"collection":[{"href":"https:\/\/napnt.pl\/strona\/wp-json\/wp\/v2\/pages"}],"about":[{"href":"https:\/\/napnt.pl\/strona\/wp-json\/wp\/v2\/types\/page"}],"author":[{"embeddable":true,"href":"https:\/\/napnt.pl\/strona\/wp-json\/wp\/v2\/users\/2"}],"replies":[{"embeddable":true,"href":"https:\/\/napnt.pl\/strona\/wp-json\/wp\/v2\/comments?post=7535"}],"version-history":[{"count":12,"href":"https:\/\/napnt.pl\/strona\/wp-json\/wp\/v2\/pages\/7535\/revisions"}],"predecessor-version":[{"id":9471,"href":"https:\/\/napnt.pl\/strona\/wp-json\/wp\/v2\/pages\/7535\/revisions\/9471"}],"wp:attachment":[{"href":"https:\/\/napnt.pl\/strona\/wp-json\/wp\/v2\/media?parent=7535"}],"curies":[{"name":"wp","href":"https:\/\/api.w.org\/{rel}","templated":true}]}}