{"id":7391,"date":"2019-07-19T17:40:38","date_gmt":"2019-07-19T15:40:38","guid":{"rendered":"http:\/\/napnt.pl\/strona\/?page_id=7391"},"modified":"2026-04-21T18:06:03","modified_gmt":"2026-04-21T16:06:03","slug":"dotacje-dla-nap","status":"publish","type":"page","link":"https:\/\/napnt.pl\/strona\/dotacje-dla-nap\/","title":{"rendered":"Dotacje dla NAP"},"content":{"rendered":"<p style=\"text-align: center;\"><span style=\"color: #0000ff;\"><strong><em>Ministerstwo Sportu i Turystyki<\/em><\/strong><\/span><br \/>\n<a href=\"http:\/\/napnt.pl\/strona\/dotacje-dla-nap\/attachment\/msi-t\/\" rel=\"attachment wp-att-7530\"><img fetchpriority=\"high\" decoding=\"async\" class=\"size-full wp-image-7530 aligncenter\" src=\"http:\/\/napnt.pl\/strona\/wp-content\/uploads\/2019\/07\/MSi-T.png\" alt=\"MSi T\" width=\"225\" height=\"225\" srcset=\"https:\/\/napnt.pl\/strona\/wp-content\/uploads\/2019\/07\/MSi-T.png 225w, https:\/\/napnt.pl\/strona\/wp-content\/uploads\/2019\/07\/MSi-T-150x150.png 150w\" sizes=\"(max-width: 225px) 100vw, 225px\" \/><\/a><\/p>\n<ul>\n<li><strong>Program KLUB, edycja 2025<\/strong>\u00a0&#8211; dofinansowanie ze \u015brodk\u00f3w Funduszu Rozwoju Kultury Fizycznej w kwocie 15\u00a0 000,00 z\u0142<\/li>\n<\/ul>\n<p style=\"text-align: center;\"><strong><em><a href=\"http:\/\/napnt.pl\/strona\/dotacje-dla-nap\/attachment\/herb_nt\/\" rel=\"attachment wp-att-7529\">Starostwo Powiatowe w Nowym Tomy\u015blu<\/a><\/em><\/strong><a href=\"http:\/\/napnt.pl\/strona\/dotacje-dla-nap\/attachment\/starostwo\/\" rel=\"attachment wp-att-7528\"><img decoding=\"async\" class=\"wp-image-7528 aligncenter\" src=\"http:\/\/napnt.pl\/strona\/wp-content\/uploads\/2019\/07\/starostwo.jpg\" alt=\"starostwo\" width=\"145\" height=\"171\" \/><\/a><\/p>\n<ul>\n<li style=\"text-align: left;\"><em><strong>&#8222;Letni ob\u00f3z sportowy&#8221;<\/strong><\/em> &#8211; dofinansowanie Starostwa Powiatowego w Nowym Tomy\u015blu w kwocie\u00a02\u00a0000,00 z\u0142, wk\u0142ad w\u0142asny\u00a0 w kwocie\u00a010 650,00 z\u0142<\/li>\n<\/ul>\n<ul>\n<li style=\"text-align: left;\"><em><strong>&#8222;Treningi pi\u0142karskie&#8221;<\/strong><\/em>\u00a0&#8211; dofinansowanie Starostwa Powiatowego w Nowym Tomy\u015blu w kwocie 16 200,00 z\u0142, wk\u0142ad w\u0142asny\u00a0 w kwocie 6\u00a0940,00 z\u0142<\/li>\n<li style=\"text-align: left;\"><em><strong>&#8222;Treningi pi\u0142ki r\u0119cznej&#8221;<\/strong><\/em>\u00a0&#8211; dofinansowanie Starostwa Powiatowego w Nowym Tomy\u015blu w kwocie 10 800,00 z\u0142, wk\u0142ad w\u0142asny\u00a0 w kwocie 5 300,00 z\u0142<\/li>\n<\/ul>\n<p style=\"text-align: center;\"><a href=\"https:\/\/www.rakoniewice.pl\/\"><span style=\"color: #0000ff;\"><strong><em>Gmina Rakoniewice<\/em><\/strong><\/span><\/a><\/p>\n<p style=\"text-align: center;\"><a href=\"https:\/\/napnt.pl\/strona\/dotacje-dla-nap\/attachment\/rakoniewice\/\" rel=\"attachment wp-att-8621\"><img decoding=\"async\" class=\"alignnone wp-image-8621\" src=\"https:\/\/napnt.pl\/strona\/wp-content\/uploads\/2019\/07\/Rakoniewice.png\" alt=\"Rakoniewice\" width=\"163\" height=\"199\" \/><\/a><\/p>\n<ul>\n<li style=\"text-align: left;\"><em><strong>&#8222;Prowadzenie zaj\u0119\u0107 sportowych dla dzieci i m\u0142odzie\u017cy z terenu gminy Rakoniewice na hali widowiskowo-sportowej w Rakoniewicach w zakresie pi\u0142ki r\u0119cznej &#8222;<\/strong><\/em> 2026 r. &#8211; dofinansowanie Gminy Rakoniewice w kwocie 6 000,00 z\u0142, wk\u0142ad w\u0142asny w kwocie 2 000,00 z\u0142.<\/li>\n<\/ul>\n","protected":false},"excerpt":{"rendered":"<p>Ministerstwo Sportu i Turystyki Program KLUB, edycja 2025\u00a0&#8211; dofinansowanie ze \u015brodk\u00f3w Funduszu Rozwoju Kultury Fizycznej w kwocie 15\u00a0 000,00 z\u0142 Starostwo Powiatowe w Nowym Tomy\u015blu &#8222;Letni ob\u00f3z sportowy&#8221; &#8211; dofinansowanie Starostwa Powiatowego w Nowym Tomy\u015blu w kwocie\u00a02\u00a0000,00 z\u0142, wk\u0142ad w\u0142asny\u00a0 w kwocie\u00a010 650,00 z\u0142 &#8222;Treningi pi\u0142karskie&#8221;\u00a0&#8211; dofinansowanie Starostwa Powiatowego w Nowym Tomy\u015blu w kwocie 16 [&hellip;]<\/p>\n","protected":false},"author":2,"featured_media":0,"parent":0,"menu_order":0,"comment_status":"closed","ping_status":"closed","template":"","meta":{"_monsterinsights_skip_tracking":false,"_monsterinsights_sitenote_active":false,"_monsterinsights_sitenote_note":"","_monsterinsights_sitenote_category":0,"footnotes":""},"class_list":["post-7391","page","type-page","status-publish","hentry"],"_links":{"self":[{"href":"https:\/\/napnt.pl\/strona\/wp-json\/wp\/v2\/pages\/7391","targetHints":{"allow":["GET"]}}],"collection":[{"href":"https:\/\/napnt.pl\/strona\/wp-json\/wp\/v2\/pages"}],"about":[{"href":"https:\/\/napnt.pl\/strona\/wp-json\/wp\/v2\/types\/page"}],"author":[{"embeddable":true,"href":"https:\/\/napnt.pl\/strona\/wp-json\/wp\/v2\/users\/2"}],"replies":[{"embeddable":true,"href":"https:\/\/napnt.pl\/strona\/wp-json\/wp\/v2\/comments?post=7391"}],"version-history":[{"count":17,"href":"https:\/\/napnt.pl\/strona\/wp-json\/wp\/v2\/pages\/7391\/revisions"}],"predecessor-version":[{"id":9869,"href":"https:\/\/napnt.pl\/strona\/wp-json\/wp\/v2\/pages\/7391\/revisions\/9869"}],"wp:attachment":[{"href":"https:\/\/napnt.pl\/strona\/wp-json\/wp\/v2\/media?parent=7391"}],"curies":[{"name":"wp","href":"https:\/\/api.w.org\/{rel}","templated":true}]}}