{"id":6,"date":"2012-10-04T18:53:42","date_gmt":"2012-10-04T16:53:42","guid":{"rendered":"http:\/\/napnt.pl\/strona\/?page_id=6"},"modified":"2024-02-20T21:00:08","modified_gmt":"2024-02-20T20:00:08","slug":"nabor-2","status":"publish","type":"page","link":"https:\/\/napnt.pl\/strona\/nabor-2\/","title":{"rendered":"Nab\u00f3r"},"content":{"rendered":"<h5><span style=\"color: #b80000;\">Wszystkie ch\u0119tne dzieci,\u00a0wraz z rodzicami,\u00a0zapraszamy na treningi do Nowotomyskiej Akademii Pi\u0142karskiej. Nab\u00f3r zawodnik\u00f3w odbywa si\u0119 przez ca\u0142y rok i ma charakter otwarty &#8211; zapraszamy ka\u017cdego, bez wzgl\u0119du na poziom umiej\u0119tno\u015bci.\u00a0<strong>Nie czekaj, do\u0142\u0105cz ju\u017c dzi\u015b!<\/strong><\/span><\/h5>\n<p>Trener koordynator sekcji pi\u0142ki no\u017cnej:\u00a0<strong>Dawid Kaniewski tel.: 600 802 931<\/strong><br \/>\nTrener koordynator sekcji pi\u0142ki r\u0119cznej:\u00a0<strong>Piotr Kostecki tel.: 531 866 071<\/strong><\/p>\n<p><strong>Trenujemy, uczymy, wspieramy, integrujemy i \u015bwietnie si\u0119 bawimy!<\/strong><\/p>\n<p><span style=\"color: #b80000;\"><strong>ZOSTA\u0143 JEDNYM Z NAS \u2013 DO\u0141\u0104CZ DO DRU\u017bYNY NAP<span style=\"color: #b80000;\"> POLON<\/span>II !<\/strong><\/span><\/p>\n<p>&nbsp;<\/p>\n<p><span style=\"color: #000000;\"><strong>N<\/strong>\u00a0\u00a0\u00a0\u00a0<\/span>\u00a0\u00a0\u00a0\u00a0\u00a0\u00a0\u00a0 jak Nieustraszeni<\/p>\n<p><span style=\"color: #000000;\"><strong>A<\/strong>\u00a0\u00a0<\/span>\u00a0\u00a0\u00a0\u00a0\u00a0\u00a0\u00a0\u00a0\u00a0 jak Ambitni<\/p>\n<p><span style=\"color: #b80000;\"><span style=\"color: #000000;\"><strong>P<\/strong><\/span>\u00a0\u00a0<\/span>\u00a0\u00a0\u00a0\u00a0\u00a0\u00a0\u00a0\u00a0\u00a0 jak Pasjonaci<\/p>\n<p>&nbsp;<\/p>\n<p><strong>P<\/strong>\u00a0\u00a0\u00a0\u00a0\u00a0\u00a0\u00a0\u00a0\u00a0\u00a0\u00a0 jak Pomys\u0142owi<\/p>\n<p><strong>O<\/strong>\u00a0\u00a0\u00a0\u00a0\u00a0\u00a0\u00a0\u00a0\u00a0\u00a0\u00a0 jak Odwa\u017cni<\/p>\n<p><strong>L<\/strong>\u00a0\u00a0\u00a0\u00a0\u00a0\u00a0\u00a0\u00a0\u00a0\u00a0\u00a0\u00a0 jak Lojalni<\/p>\n<p><strong>O<\/strong>\u00a0\u00a0\u00a0\u00a0\u00a0\u00a0\u00a0\u00a0\u00a0\u00a0\u00a0 jak Odpowiedzialni<\/p>\n<p><strong>N<\/strong>\u00a0\u00a0\u00a0\u00a0\u00a0\u00a0\u00a0\u00a0\u00a0\u00a0\u00a0 jak Nowocze\u015bni<\/p>\n<p><strong>I<\/strong>\u00a0 \u00a0 \u00a0 \u00a0 \u00a0 \u00a0 \u00a0jak Innowacyjni<\/p>\n<p><strong>A<\/strong>\u00a0\u00a0\u00a0\u00a0\u00a0\u00a0\u00a0\u00a0\u00a0\u00a0\u00a0 jak Asertywni<\/p>\n<p>&nbsp;<\/p>\n<p><b>Sztab szkoleniowy<\/b><\/p>\n<p>W naszym klubie ka\u017cdy treningi z dzie\u0107mi prowadz\u0105 trenerzy z odpowiednim przygotowaniem &#8211; s\u0105 to ludzie z do\u015bwiadczeniem i mi\u0119dzynarodowymi licencjami trenerskimi. Uczestnicy kursokonferencji szkoleniowych, absolwenci AWF po sta\u017cach w krajowych zespo\u0142ach Ekstraklasowych, ale przede wszystkim ludzie z pasj\u0105 i doskona\u0142ym kontaktem z m\u0142odymi adeptami pi\u0142ki no\u017cnej.<\/p>\n<p><b>Rozgrywki<\/b><\/p>\n<p>W weekendy wszystkie grupy <strong><span style=\"color: #b81616;\">pi\u0142karzy no\u017cnych<\/span><\/strong> rozgrywaj\u0105 swoje mecze ligowe w ramach rozgrywek organizowanych przez Wielkopolski Zwi\u0105zek Pi\u0142ki No\u017cnej, z wyj\u0105tkiem grupy \u017bak. Grupa ta bierze udzia\u0142 w turniejach organizowanych w ramach Wielkopolsko &#8211; Lubuskiej Ligii \u017bak\u00f3w.<\/p>\n<p><strong><span style=\"color: #b81616;\">Pi\u0142karki r\u0119czne<\/span><\/strong> rozgrywaj\u0105 mecze w tygodniu (dni robocze), zgodnie z harmonogramem Wojew\u00f3dzkich M\u0142odzie\u017cowych Rozgrywek Ligowych Wielkopolskiego Zwi\u0105zku Pi\u0142ki R\u0119cznej.<\/p>\n<p><strong>Nasi wychowankowie<\/strong><\/p>\n<p>Bardzo dobra praca naszych trener\u00f3w zaowocowa\u0142a transferami najwi\u0119kszych talent\u00f3w do zespo\u0142\u00f3w zaplecza Ekstraklasy oraz zespo\u0142\u00f3w s\u0142yn\u0105cych z bardzo dobrej pracy z m\u0142odzie\u017c\u0105 np. Pogo\u0144 Szczecin, Zawisza Bydgoszcz, MKS B\u0142\u0119kitni Wronki.<br \/>\nWykaz dotychczasowych karier naszych wychowank\u00f3w znajdziecie Pa\u0144stwo w zak\u0142adce &#8222;Nasi wychowankowie&#8221;.<\/p>\n<p><b>Trenuj z nami! Trenuj z pasj\u0105!<\/b><\/p>\n<p>Nasza praca z najm\u0142odszymi jest przepe\u0142niona pasj\u0105 i entuzjazmem. Systematyczne podnoszenie kwalifikacji naszych trener\u00f3w pozytywnie wp\u0142ywa na rozw\u00f3j umiej\u0119tno\u015bci pi\u0142karskich naszych wychowank\u00f3w.<\/p>\n<p>W razie dodatkowych pyta\u0144 prosimy o kontakt! Je\u015bli szukacie Pa\u0144stwo informacji o konkretnych rocznikach, zapraszamy do zak\u0142adek ka\u017cdego z zespo\u0142\u00f3w lub zak\u0142adki &#8222;Trenerzy&#8221;, gdzie znajdziecie Pa\u0144stwo telefony kontaktowe do poszczeg\u00f3lnych szkoleniowc\u00f3w.<\/p>\n<p><strong>Zapraszamy!<\/strong><\/p>\n","protected":false},"excerpt":{"rendered":"<p>Wszystkie ch\u0119tne dzieci,\u00a0wraz z rodzicami,\u00a0zapraszamy na treningi do Nowotomyskiej Akademii Pi\u0142karskiej. Nab\u00f3r zawodnik\u00f3w odbywa si\u0119 przez ca\u0142y rok i ma charakter otwarty &#8211; zapraszamy ka\u017cdego, bez wzgl\u0119du na poziom umiej\u0119tno\u015bci.\u00a0Nie czekaj, do\u0142\u0105cz ju\u017c dzi\u015b! Trener koordynator sekcji pi\u0142ki no\u017cnej:\u00a0Dawid Kaniewski tel.: 600 802 931 Trener koordynator sekcji pi\u0142ki r\u0119cznej:\u00a0Piotr Kostecki tel.: 531 866 071 Trenujemy, [&hellip;]<\/p>\n","protected":false},"author":1,"featured_media":0,"parent":0,"menu_order":0,"comment_status":"open","ping_status":"open","template":"","meta":{"_monsterinsights_skip_tracking":false,"_monsterinsights_sitenote_active":false,"_monsterinsights_sitenote_note":"","_monsterinsights_sitenote_category":0,"footnotes":""},"class_list":["post-6","page","type-page","status-publish","hentry"],"_links":{"self":[{"href":"https:\/\/napnt.pl\/strona\/wp-json\/wp\/v2\/pages\/6","targetHints":{"allow":["GET"]}}],"collection":[{"href":"https:\/\/napnt.pl\/strona\/wp-json\/wp\/v2\/pages"}],"about":[{"href":"https:\/\/napnt.pl\/strona\/wp-json\/wp\/v2\/types\/page"}],"author":[{"embeddable":true,"href":"https:\/\/napnt.pl\/strona\/wp-json\/wp\/v2\/users\/1"}],"replies":[{"embeddable":true,"href":"https:\/\/napnt.pl\/strona\/wp-json\/wp\/v2\/comments?post=6"}],"version-history":[{"count":42,"href":"https:\/\/napnt.pl\/strona\/wp-json\/wp\/v2\/pages\/6\/revisions"}],"predecessor-version":[{"id":9524,"href":"https:\/\/napnt.pl\/strona\/wp-json\/wp\/v2\/pages\/6\/revisions\/9524"}],"wp:attachment":[{"href":"https:\/\/napnt.pl\/strona\/wp-json\/wp\/v2\/media?parent=6"}],"curies":[{"name":"wp","href":"https:\/\/api.w.org\/{rel}","templated":true}]}}