{"id":5831,"date":"2017-04-18T17:02:48","date_gmt":"2017-04-18T15:02:48","guid":{"rendered":"http:\/\/napnt.pl\/strona\/?page_id=5831"},"modified":"2024-02-20T22:01:28","modified_gmt":"2024-02-20T21:01:28","slug":"treningi-2","status":"publish","type":"page","link":"https:\/\/napnt.pl\/strona\/treningi-2\/","title":{"rendered":"Treningi"},"content":{"rendered":"<p><strong>Trenujemy:<\/strong><\/p>\n<ul>\n<li>Nowy Tomy\u015bl (pi\u0142ka no\u017cna i pi\u0142ka r\u0119czna): os. P\u00f3\u0142noc, boisko ORLIK i hala SP 3, os. P\u00f3\u0142noc 25<\/li>\n<li>Rakoniewice (pi\u0142ka r\u0119czna): Hala Widowiskowo \u2013 Sportowa, ul. Nowotomyska 3<\/li>\n<\/ul>\n<p>O aktualne dni i godziny treningowe, prosimy pyta\u0107 trener\u00f3w koordynator\u00f3w:<\/p>\n<p>Trener koordynator sekcji <strong>pi\u0142ki no\u017cnej:<\/strong>\u00a0<strong>Dawid Kaniewski tel.: 600 802 931<\/strong><br \/>\nTrener koordynator sekcji <strong>pi\u0142ki r\u0119cznej:<\/strong>\u00a0<strong>Piotr Kostecki tel.: 531 866 071<\/strong><\/p>\n<p>Dla dziewcz\u0105t z Nowego Tomy\u015bla, chc\u0105cych uczestniczy\u0107 w treningach w Rakoniewicach, zapewniamy bezp\u0142atny dojazd z Nowego Tomy\u015bla do Rakoniewic i z powrotem. Zbi\u00f3rka: Nowy Tomy\u015bl, Pl. Chopina. Wymagane potwierdzenie\u00a0obecno\u015bci. Ilo\u015b\u0107 miejsc ograniczona. Godzin\u0119 zbi\u00f3rki i obecno\u015b\u0107 prosimy potwierdza\u0107 telefonicznie: 531 866 071.<\/p>\n","protected":false},"excerpt":{"rendered":"<p>Trenujemy: Nowy Tomy\u015bl (pi\u0142ka no\u017cna i pi\u0142ka r\u0119czna): os. P\u00f3\u0142noc, boisko ORLIK i hala SP 3, os. P\u00f3\u0142noc 25 Rakoniewice (pi\u0142ka r\u0119czna): Hala Widowiskowo \u2013 Sportowa, ul. Nowotomyska 3 O aktualne dni i godziny treningowe, prosimy pyta\u0107 trener\u00f3w koordynator\u00f3w: Trener koordynator sekcji pi\u0142ki no\u017cnej:\u00a0Dawid Kaniewski tel.: 600 802 931 Trener koordynator sekcji pi\u0142ki r\u0119cznej:\u00a0Piotr Kostecki [&hellip;]<\/p>\n","protected":false},"author":2,"featured_media":0,"parent":0,"menu_order":0,"comment_status":"closed","ping_status":"closed","template":"","meta":{"_monsterinsights_skip_tracking":false,"_monsterinsights_sitenote_active":false,"_monsterinsights_sitenote_note":"","_monsterinsights_sitenote_category":0,"footnotes":""},"class_list":["post-5831","page","type-page","status-publish","hentry"],"_links":{"self":[{"href":"https:\/\/napnt.pl\/strona\/wp-json\/wp\/v2\/pages\/5831","targetHints":{"allow":["GET"]}}],"collection":[{"href":"https:\/\/napnt.pl\/strona\/wp-json\/wp\/v2\/pages"}],"about":[{"href":"https:\/\/napnt.pl\/strona\/wp-json\/wp\/v2\/types\/page"}],"author":[{"embeddable":true,"href":"https:\/\/napnt.pl\/strona\/wp-json\/wp\/v2\/users\/2"}],"replies":[{"embeddable":true,"href":"https:\/\/napnt.pl\/strona\/wp-json\/wp\/v2\/comments?post=5831"}],"version-history":[{"count":11,"href":"https:\/\/napnt.pl\/strona\/wp-json\/wp\/v2\/pages\/5831\/revisions"}],"predecessor-version":[{"id":9548,"href":"https:\/\/napnt.pl\/strona\/wp-json\/wp\/v2\/pages\/5831\/revisions\/9548"}],"wp:attachment":[{"href":"https:\/\/napnt.pl\/strona\/wp-json\/wp\/v2\/media?parent=5831"}],"curies":[{"name":"wp","href":"https:\/\/api.w.org\/{rel}","templated":true}]}}