{"id":3805,"date":"2016-01-07T23:37:27","date_gmt":"2016-01-07T22:37:27","guid":{"rendered":"http:\/\/napnt.pl\/strona\/?page_id=3805"},"modified":"2025-05-27T18:50:42","modified_gmt":"2025-05-27T16:50:42","slug":"dokumenty-do-pobrania","status":"publish","type":"page","link":"https:\/\/napnt.pl\/strona\/dokumenty-do-pobrania\/","title":{"rendered":"Dokumenty do pobrania"},"content":{"rendered":"<h5 style=\"text-align: center;\"><span style=\"color: #b80000;\"><strong>Na stronie tej znajdziecie Pa\u0144stwo wzory wszystkich dokument\u00f3w naszej Akademii.<\/strong><\/span><\/h5>\n<p><strong>1.&nbsp;Chc\u0105c zapisa\u0107 dziecko na treningi prosimy o wydrukowanie, czytelne wype\u0142nienie i zwrot trenerowi podczas najbli\u017cszego treningu:<\/strong><\/p>\n<p><strong>SEKCJA PI\u0141KI NO\u017bNEJ I PI\u0141KI R\u0118CZNEJ<\/strong><\/p>\n<p><a href=\"https:\/\/napnt.pl\/strona\/wp-content\/uploads\/2024\/02\/2023-11-PN-PR-Karta-zawodnika.doc\">Karta zawodnika<\/a>&nbsp;&#8211; plik edytowalny Word<\/p>\n<p><a href=\"https:\/\/napnt.pl\/strona\/wp-content\/uploads\/2024\/02\/2023-11-PN-PR-Karta-zawodnika.pdf\">Karta zawodnika<\/a> &#8211; plik PDF<\/p>\n<p><a href=\"https:\/\/napnt.pl\/strona\/wp-content\/uploads\/2024\/02\/Zasady-przetwarzania-danych-osobowych.pdf\">Klauzula informacyjna RODO (za\u0142\u0105cznik do karty zawodnika)<\/a>&nbsp;&#8211; plik PDF<\/p>\n<p><a href=\"http:\/\/napnt.pl\/strona\/dokumenty-do-pobrania\/attachment\/deklaracja-czlonka-wspierajacego-nap-4\/\" rel=\"attachment wp-att-6840\">Deklaracja-cz\u0142onka-wspieraj\u0105cego-NAP<\/a><\/p>\n<p>&nbsp;<\/p>\n<p><strong>1a.&nbsp;Otrzymawszy odzie\u017c sportow\u0105, prosimy&nbsp;o wydrukowanie, czytelne wype\u0142nienie i zwrot trenerowi podczas najbli\u017cszego treningu:<\/strong><\/p>\n<p><a href=\"https:\/\/napnt.pl\/strona\/wp-content\/uploads\/2024\/02\/2023-08-O\u015bwiadczenie-odzie\u017c-sportowa.docx\">O\u015bwiadczenie odzie\u017c sportowa<\/a>&nbsp;&#8211; plik edytowalny Word<\/p>\n<p><a href=\"https:\/\/napnt.pl\/strona\/wp-content\/uploads\/2024\/02\/2023-08-O\u015bwiadczenie-odzie\u017c-sportowa.pdf\">O\u015bwiadczenie odzie\u017c sportowa<\/a>&nbsp;&#8211; plik PDF<\/p>\n<p>&nbsp;<\/p>\n<p><strong>2. Zgoda na udzia\u0142 w obozie<\/strong><\/p>\n<p>zima 2024, ob\u00f3z dochodzeniowy<\/p>\n<p><a href=\"https:\/\/napnt.pl\/strona\/wp-content\/uploads\/2024\/02\/Zgoda-na-udzia\u0142-w-obozie-dochodzeniowym-ferie-2024.doc\">Zgoda na udzia\u0142 w obozie dochodzeniowym 2024<\/a>&nbsp;&#8211; plik edytowalny Word<\/p>\n<p><a href=\"https:\/\/napnt.pl\/strona\/wp-content\/uploads\/2024\/02\/Zgoda-na-udzia\u0142-w-obozie-dochodzeniowym-ferie-2024.pdf\">Zgoda na udzia\u0142 w obozie dochodzeniowym 2024<\/a>&nbsp;&#8211; plik PDF<\/p>\n<p>lato 2023, ob\u00f3z D\u0105bki<\/p>\n<p><a href=\"https:\/\/napnt.pl\/strona\/wp-content\/uploads\/2024\/02\/KARTA-KWALIFIKACYJNA-D\u0104BKI-2023.doc\">Karta kwalifikacyjna, D\u0105bki, lato 2023<\/a>&nbsp;&#8211; plik edytowalny Word<\/p>\n<p><a href=\"https:\/\/napnt.pl\/strona\/wp-content\/uploads\/2024\/02\/KARTA-KWALIFIKACYJNA-D\u0104BKI-2023.pdf\">Karta kwalifikacyjna, D\u0105bki, lato 2023<\/a>&nbsp;&#8211; plik PDF<\/p>\n<p>zimowym 03.02.2020 &#8211; 07.02.2020 r.<\/p>\n<p><a href=\"http:\/\/napnt.pl\/strona\/dokumenty-do-pobrania\/attachment\/zgoda-na-udzial-w-obozie-opcja-bez-obiadu\/\" rel=\"attachment wp-att-7582\">Zgoda na udzia\u0142 w obozie &#8211; OPCJA BEZ OBIADU<\/a><\/p>\n<p><a href=\"http:\/\/napnt.pl\/strona\/dokumenty-do-pobrania\/attachment\/zgoda-na-udzial-w-obozie-opcja-z-obiadem\/\" rel=\"attachment wp-att-7583\">Zgoda na udzia\u0142 w obozie &#8211; OPCJA Z OBIADEM<\/a><\/p>\n<p>letnim 05.07.2017 &#8211; 13.08.2017r.<\/p>\n<p><a href=\"http:\/\/napnt.pl\/strona\/oboz-zimowy-2017\/attachment\/zgoda-rodzica-na-udzial-w-obozie-sportowymlato-2017-2\/\" rel=\"attachment wp-att-5911\">Zgoda rodzica na udzia\u0142 w obozie sportowymLATO 2017<\/a><\/p>\n<p><a href=\"http:\/\/napnt.pl\/strona\/dokumenty-do-pobrania\/attachment\/karta-kwalifikacyjna-wrzosowo-2017\/\" rel=\"attachment wp-att-5915\">KARTA-KWALIFIKACYJNA-WRZOSOWO-2017<\/a><\/p>\n<p>&nbsp;<\/p>\n<p><strong>3. Regulamin Nowotomyskiej Akademii Pi\u0142karskiej<\/strong><\/p>\n<p><a href=\"http:\/\/napnt.pl\/strona\/pliki-do-pobrania\/attachment\/regulamin_nap-2\/\" rel=\"attachment wp-att-3816\">REGULAMIN_NAP<\/a><\/p>\n<p>&nbsp;<\/p>\n<p><strong>4. Polisa ubezpieczeniowa<\/strong><\/p>\n<p><a href=\"https:\/\/napnt.pl\/strona\/wp-content\/uploads\/2024\/02\/2022-2023polisa-920026486462.pdf\" rel=\"attachment wp-att-3815\">Polisa ubezpieczeniowa<\/a><\/p>\n<p><a href=\"http:\/\/napnt.pl\/strona\/pliki-do-pobrania\/attachment\/uchwala-nr-6\/\" rel=\"attachment wp-att-3817\"><img fetchpriority=\"high\" decoding=\"async\" class=\"wp-image-3817 aligncenter\" src=\"http:\/\/napnt.pl\/strona\/wp-content\/uploads\/2016\/01\/uchwala-nr-6-744x1024.jpeg\" alt=\"uchwala nr 6\" width=\"336\" height=\"463\" srcset=\"https:\/\/napnt.pl\/strona\/wp-content\/uploads\/2016\/01\/uchwala-nr-6-744x1024.jpeg 744w, https:\/\/napnt.pl\/strona\/wp-content\/uploads\/2016\/01\/uchwala-nr-6-218x300.jpeg 218w, https:\/\/napnt.pl\/strona\/wp-content\/uploads\/2016\/01\/uchwala-nr-6-768x1056.jpeg 768w, https:\/\/napnt.pl\/strona\/wp-content\/uploads\/2016\/01\/uchwala-nr-6.jpeg 993w\" sizes=\"(max-width: 336px) 100vw, 336px\" \/><\/a><\/p>\n<p><strong>5. Ankieta na badania REHASPORT<\/strong><\/p>\n<p><a href=\"http:\/\/napnt.pl\/strona\/dokumenty-do-pobrania\/attachment\/rehasport-ankieta-cz1\/\" rel=\"attachment wp-att-3925\">Rehasport ankieta cz1<\/a><\/p>\n<p><a href=\"http:\/\/napnt.pl\/strona\/dokumenty-do-pobrania\/attachment\/rehasport-ankieta-cz2\/\" rel=\"attachment wp-att-3926\">Rehasport ankieta cz2<\/a><\/p>\n<p>&nbsp;<\/p>\n","protected":false},"excerpt":{"rendered":"<p>Na stronie tej znajdziecie Pa\u0144stwo wzory wszystkich dokument\u00f3w naszej Akademii. 1.&nbsp;Chc\u0105c zapisa\u0107 dziecko na treningi prosimy o wydrukowanie, czytelne wype\u0142nienie i zwrot trenerowi podczas najbli\u017cszego treningu: SEKCJA PI\u0141KI NO\u017bNEJ I PI\u0141KI R\u0118CZNEJ Karta zawodnika&nbsp;&#8211; plik edytowalny Word Karta zawodnika &#8211; plik PDF Klauzula informacyjna RODO (za\u0142\u0105cznik do karty zawodnika)&nbsp;&#8211; plik PDF Deklaracja-cz\u0142onka-wspieraj\u0105cego-NAP &nbsp; 1a.&nbsp;Otrzymawszy odzie\u017c [&hellip;]<\/p>\n","protected":false},"author":2,"featured_media":0,"parent":0,"menu_order":0,"comment_status":"closed","ping_status":"closed","template":"","meta":{"_monsterinsights_skip_tracking":false,"_monsterinsights_sitenote_active":false,"_monsterinsights_sitenote_note":"","_monsterinsights_sitenote_category":0,"footnotes":""},"class_list":["post-3805","page","type-page","status-publish","hentry"],"_links":{"self":[{"href":"https:\/\/napnt.pl\/strona\/wp-json\/wp\/v2\/pages\/3805","targetHints":{"allow":["GET"]}}],"collection":[{"href":"https:\/\/napnt.pl\/strona\/wp-json\/wp\/v2\/pages"}],"about":[{"href":"https:\/\/napnt.pl\/strona\/wp-json\/wp\/v2\/types\/page"}],"author":[{"embeddable":true,"href":"https:\/\/napnt.pl\/strona\/wp-json\/wp\/v2\/users\/2"}],"replies":[{"embeddable":true,"href":"https:\/\/napnt.pl\/strona\/wp-json\/wp\/v2\/comments?post=3805"}],"version-history":[{"count":29,"href":"https:\/\/napnt.pl\/strona\/wp-json\/wp\/v2\/pages\/3805\/revisions"}],"predecessor-version":[{"id":9825,"href":"https:\/\/napnt.pl\/strona\/wp-json\/wp\/v2\/pages\/3805\/revisions\/9825"}],"wp:attachment":[{"href":"https:\/\/napnt.pl\/strona\/wp-json\/wp\/v2\/media?parent=3805"}],"curies":[{"name":"wp","href":"https:\/\/api.w.org\/{rel}","templated":true}]}}