{"id":26,"date":"2012-10-04T18:57:28","date_gmt":"2012-10-04T16:57:28","guid":{"rendered":"http:\/\/napnt.pl\/strona\/?page_id=26"},"modified":"2024-02-20T22:53:05","modified_gmt":"2024-02-20T21:53:05","slug":"zarzad-2","status":"publish","type":"page","link":"https:\/\/napnt.pl\/strona\/zarzad-2\/","title":{"rendered":"Kontakt"},"content":{"rendered":"<p>&nbsp;<\/p>\n<h4><span style=\"color: #b80000;\">Zarz\u0105d<\/span><\/h4>\n<p>Piotr Kostecki \u2013 Prezes Zarz\u0105du \u2013 531 866 071 | p.kostecki@vp.pl<\/p>\n<p>Dawid Kaniewski \u2013 Wiceprezes Zarz\u0105du \u2013 600 802 931 | kangi_dawid@poczta.onet.pl<\/p>\n<p>Robert Koga \u2013 Wiceprezes Zarz\u0105du, Sekretarz \u2013 516 063\u00a0101<\/p>\n<p>Stanis\u0142aw Gogoli\u0144ski \u2013 Cz\u0142onek Zarz\u0105du<\/p>\n<p>&nbsp;<\/p>\n<h4><span style=\"color: #b80000;\">Trenerzy<\/span><\/h4>\n<p>Dawid Kaniewski \u2013 600 802 931 | kangi_dawid@poczta.onet.pl<\/p>\n<p>Kacper Hildebrand \u2013 503 164 179 | hildus1993@gmail.com<\/p>\n<p>Bartosz Nowaczyk &#8211; 530 733 645 | b.nowaczyk85nt@gmail.com<\/p>\n<p>Piotr Kostecki \u2013 531 866 071 | p.kostecki@vp.pl<\/p>\n<p>Marika Wicher \u2013 608\u00a0275\u00a0784<\/p>\n<p>&nbsp;<\/p>\n<h4><span style=\"color: #b80000;\">Dane rejestrowe<\/span><\/h4>\n<p>Nowotomyska Akademia Pi\u0142karska Polonia<\/p>\n<p>Ul. \u015al\u00f3sarskiego 12\/12<\/p>\n<p>64-300 Nowy Tomy\u015bl<\/p>\n<p>NIP 7881994285<\/p>\n<p>&nbsp;<\/p>\n<h4><span style=\"color: #b80000;\">Rachunki bankowe<\/span><\/h4>\n<p>79 9058 0000 0000 0007 5587 0001 &#8211; wp\u0142aty z tytu\u0142u uczestnictwa w treningach pi\u0142ki no\u017cnej<\/p>\n<p>52 9058 0000 0000 0007 5587 0002 &#8211;\u00a0wp\u0142aty z tytu\u0142u uczestnictwa w obozach<\/p>\n<p>95 9058 0000 0000 0007 5587 0004\u00a0&#8211; wp\u0142aty z tytu\u0142u uczestnictwa w treningach pi\u0142ki\u00a0r\u0119cznej<\/p>\n<p>&nbsp;<\/p>\n<p><iframe style=\"border: 0;\" src=\"https:\/\/www.google.com\/maps\/embed?pb=!1m18!1m12!1m3!1d78081.3935914872!2d16.15149952856173!3d52.29706401484815!2m3!1f0!2f0!3f0!3m2!1i1024!2i768!4f13.1!3m3!1m2!1s0x47042ae2b87d32ef%3A0x92871a1ff8b81662!2sNowotomyska+Akademia+Pi%C5%82karska!5e0!3m2!1spl!2spl!4v1493747947250\" width=\"560\" height=\"300\" frameborder=\"0\" allowfullscreen=\"allowfullscreen\"><\/iframe><\/p>\n","protected":false},"excerpt":{"rendered":"<p>&nbsp; Zarz\u0105d Piotr Kostecki \u2013 Prezes Zarz\u0105du \u2013 531 866 071 | p.kostecki@vp.pl Dawid Kaniewski \u2013 Wiceprezes Zarz\u0105du \u2013 600 802 931 | kangi_dawid@poczta.onet.pl Robert Koga \u2013 Wiceprezes Zarz\u0105du, Sekretarz \u2013 516 063\u00a0101 Stanis\u0142aw Gogoli\u0144ski \u2013 Cz\u0142onek Zarz\u0105du &nbsp; Trenerzy Dawid Kaniewski \u2013 600 802 931 | kangi_dawid@poczta.onet.pl Kacper Hildebrand \u2013 503 164 179 | [&hellip;]<\/p>\n","protected":false},"author":1,"featured_media":0,"parent":0,"menu_order":0,"comment_status":"open","ping_status":"open","template":"","meta":{"_monsterinsights_skip_tracking":false,"_monsterinsights_sitenote_active":false,"_monsterinsights_sitenote_note":"","_monsterinsights_sitenote_category":0,"footnotes":""},"class_list":["post-26","page","type-page","status-publish","hentry"],"_links":{"self":[{"href":"https:\/\/napnt.pl\/strona\/wp-json\/wp\/v2\/pages\/26","targetHints":{"allow":["GET"]}}],"collection":[{"href":"https:\/\/napnt.pl\/strona\/wp-json\/wp\/v2\/pages"}],"about":[{"href":"https:\/\/napnt.pl\/strona\/wp-json\/wp\/v2\/types\/page"}],"author":[{"embeddable":true,"href":"https:\/\/napnt.pl\/strona\/wp-json\/wp\/v2\/users\/1"}],"replies":[{"embeddable":true,"href":"https:\/\/napnt.pl\/strona\/wp-json\/wp\/v2\/comments?post=26"}],"version-history":[{"count":38,"href":"https:\/\/napnt.pl\/strona\/wp-json\/wp\/v2\/pages\/26\/revisions"}],"predecessor-version":[{"id":9554,"href":"https:\/\/napnt.pl\/strona\/wp-json\/wp\/v2\/pages\/26\/revisions\/9554"}],"wp:attachment":[{"href":"https:\/\/napnt.pl\/strona\/wp-json\/wp\/v2\/media?parent=26"}],"curies":[{"name":"wp","href":"https:\/\/api.w.org\/{rel}","templated":true}]}}