{"id":17,"date":"2012-10-04T18:55:16","date_gmt":"2012-10-04T16:55:16","guid":{"rendered":"http:\/\/napnt.pl\/strona\/?page_id=17"},"modified":"2024-02-20T20:41:27","modified_gmt":"2024-02-20T19:41:27","slug":"trenerzy","status":"publish","type":"page","link":"https:\/\/napnt.pl\/strona\/trenerzy\/","title":{"rendered":"Trenerzy"},"content":{"rendered":"<h1 style=\"text-align: center;\"><span style=\"color: #c62a2f;\"><strong>SEKCJA PI\u0141KI NO\u017bNEJ <\/strong><\/span><\/h1>\n<p><strong>Dawid Kaniewski<br \/>\n<\/strong><br \/>\n<span style=\"color: #0000ff;\"><span style=\"color: #c62a2f;\"><strong>Wykszta\u0142cenie:<\/strong><\/span> <span style=\"color: #000000;\">wy\u017csze, absolwent AWF Pozna\u0144<\/span><\/span><span style=\"color: #000000;\"><strong><br \/>\n<span style=\"color: #c62a2f;\">Stopie\u0144 trenerski: <\/span><\/strong>licencja UEFA\u00a0A<strong><br \/>\n<span style=\"color: #c62a2f;\">Inne certyfikaty:<\/span>\u00a0<\/strong><\/span><span style=\"color: #000000;\">sta\u017cysta\u00a0w dru\u017cynach seniorskich Ekstraklasy:\u00a0KKS Lech Pozna\u0144, TS Podbeskidzie Bielsko Bia\u0142a, Warta Pozna\u0144, instruktor pi\u0142ki siatkowe, instruktor kajakarstwa,\u00a0kierownik i wychowawca wycieczek autokarowych oraz plac\u00f3wek wypoczynku, uczestnik szkole\u0144 Lech Conference 2011, 2012,\u00a0konferencji metodyczno-szkoleniowe organizowanych przez Wielkopolski Zwi\u0105zek Pi\u0142ki No\u017cnej Lubuski Zwi\u0105zek Pi\u0142ki No\u017cnej.<\/span><br \/>\n<span style=\"color: #c62a2f;\"><strong>Do\u015bwiadczenie:<\/strong><\/span> <span style=\"color: #000000;\">\u00a0trener MKS Polonia Nowy Tomy\u015bl, Obra Zb\u0105szy\u0144, P\u0142omie\u0144 Przyprostynia, trener bramkarzy, zawodnik MKS Polonia Nowy Tomy\u015bl<br \/>\n<\/span><span style=\"color: #c62a2f;\"><strong>Tel. <\/strong><\/span><span style=\"color: #000000;\">600 802 931<br \/>\n<\/span><span style=\"color: #0000ff;\"><strong><span style=\"color: #c62a2f;\">E-mail:<\/span> <\/strong><\/span><span style=\"color: #000000;\">kangi_dawid@poczta.onet.pl<\/span><br \/>\n<span style=\"color: #c62a2f;\"><strong>Grupy:<\/strong>\u00a0<span style=\"color: #000000;\">Junior D2 (rocznik 2011 i m\u0142odsi), O<\/span><\/span><span style=\"color: #c62a2f;\"><span style=\"color: #000000;\">rlik E2 (rocznik 2013 i m\u0142odsi)\u00a0<\/span><\/span><\/p>\n<p><strong>Kacper Hildebrand<\/strong><\/p>\n<p><strong><span style=\"color: #c62a2f;\">Stopie\u0144 trenerski:<\/span> <\/strong>licencja\u00a0UEFA\u00a0B<strong><br \/>\n<\/strong><strong><span style=\"color: #c62a2f;\">Do\u015bwiadczenie:<\/span>\u00a0<\/strong>zawodnik MKS Polonia Redos Nowy Tomy\u015bl (Juniorzy), TS 05 Nowy Tomy\u015bl<br \/>\n<strong><span style=\"color: #c62a2f;\">Tel.<\/span> <\/strong>503-164-179<br \/>\n<strong><span style=\"color: #c62a2f;\">E-mail:<\/span> <\/strong>hildus1993@gmail.com<br \/>\n<span style=\"color: #c62a2f;\"><strong>Grupy:<\/strong><\/span>\u00a0Seniorzy, \u017bak F2 (roczniki:\u00a0 2015 i m\u0142odsi), Skrzat G1-G2 (roczniki 2016-2017 i m\u0142odsi)<\/p>\n<p><strong>Bartosz Nowaczyk<\/strong><\/p>\n<p><span style=\"color: #c62a2f;\"><strong>Wykszta\u0142cenie: <\/strong><\/span><span style=\"color: #000000;\">wy\u017csze, <\/span><strong><span style=\"color: #000000;\"><br \/>\n<span style=\"color: #c62a2f;\">Stopie\u0144 trenerski: <\/span><\/span><\/strong><span style=\"color: #000000;\">trener licencja UEFA B<\/span><strong><span style=\"color: #000000;\"><br \/>\n<span style=\"color: #c62a2f;\">Inne certyfikaty: <\/span><\/span><br \/>\n<span style=\"color: #c62a2f;\">Do\u015bwiadczenie:\u00a0<\/span>\u00a0<\/strong><br \/>\n<span style=\"color: #c62a2f;\"><strong>Tel.<\/strong> <\/span><span style=\"color: #000000;\">530 733 645<\/span><br \/>\n<span style=\"color: #c62a2f;\"><strong>E-mail: <\/strong><\/span><span style=\"color: #0000ff;\"><span style=\"color: #000000;\">b.nowaczyk85nt@gmail.com<\/span><\/span><br \/>\n<span style=\"color: #c62a2f;\"><strong>Grupa:<\/strong>\u00a0<\/span><\/p>\n<h1 style=\"text-align: center;\"><span style=\"color: #c62a2f;\"><strong>SEKCJA PI\u0141KI\u00a0R\u0118CZNEJ<\/strong><\/span><\/h1>\n<p><strong>Piotr Kostecki<\/strong><\/p>\n<p><span style=\"color: #c62a2f;\"><strong>Wykszta\u0142cenie:\u00a0<\/strong><\/span><span style=\"color: #000000;\">\u015brednie<\/span><strong><span style=\"color: #000000;\"><br \/>\n<span style=\"color: #c62a2f;\">Stopie\u0144 trenerski:\u00a0<\/span><\/span><\/strong><span style=\"color: #000000;\">instruktor pi\u0142ki r\u0119cznej poziom I EHF,\u00a0trener licencja\u00a0ZPRP C<\/span><strong><span style=\"color: #000000;\"><br \/>\n<span style=\"color: #c62a2f;\">Inne certyfikaty: <\/span><\/span><\/strong><span style=\"color: #000000;\">kierownik i wychowawca wypoczynku<\/span><strong><br \/>\n<span style=\"color: #c62a2f;\">Do\u015bwiadczenie:\u00a0<\/span>\u00a0<\/strong>od 25 lat spo\u0142eczny dzia\u0142acz sportowy, od 10 lat Prezes Zarz\u0105du NAP Polonia, zawodnik LZS Stary Tomy\u015bl, Grunwald Pozna\u0144, Polonia Nowy Tomy\u015bl<br \/>\n<span style=\"color: #c62a2f;\"><strong>Tel.<\/strong>\u00a0<\/span><span style=\"color: #000000;\">531 866 071<\/span><br \/>\n<span style=\"color: #c62a2f;\"><strong>E-mail:\u00a0<\/strong><span style=\"color: #000000;\">p.kostecki<\/span><\/span><span style=\"color: #0000ff;\"><span style=\"color: #000000;\">@vp.pl<\/span><\/span><br \/>\n<span style=\"color: #c62a2f;\"><strong>Grupa:<\/strong>\u00a0<\/span>\u00a0M\u0142odziczka,\u00a0Dzieci starsze<\/p>\n<p><strong>Marika Wicher<\/strong><\/p>\n<p><span style=\"color: #c62a00;\"><strong>Tel.<\/strong><\/span>\u00a0608\u00a0275\u00a0784<\/p>\n","protected":false},"excerpt":{"rendered":"<p>SEKCJA PI\u0141KI NO\u017bNEJ Dawid Kaniewski Wykszta\u0142cenie: wy\u017csze, absolwent AWF Pozna\u0144 Stopie\u0144 trenerski: licencja UEFA\u00a0A Inne certyfikaty:\u00a0sta\u017cysta\u00a0w dru\u017cynach seniorskich Ekstraklasy:\u00a0KKS Lech Pozna\u0144, TS Podbeskidzie Bielsko Bia\u0142a, Warta Pozna\u0144, instruktor pi\u0142ki siatkowe, instruktor kajakarstwa,\u00a0kierownik i wychowawca wycieczek autokarowych oraz plac\u00f3wek wypoczynku, uczestnik szkole\u0144 Lech Conference 2011, 2012,\u00a0konferencji metodyczno-szkoleniowe organizowanych przez Wielkopolski Zwi\u0105zek Pi\u0142ki No\u017cnej Lubuski Zwi\u0105zek Pi\u0142ki [&hellip;]<\/p>\n","protected":false},"author":1,"featured_media":0,"parent":0,"menu_order":0,"comment_status":"open","ping_status":"open","template":"","meta":{"_monsterinsights_skip_tracking":false,"_monsterinsights_sitenote_active":false,"_monsterinsights_sitenote_note":"","_monsterinsights_sitenote_category":0,"footnotes":""},"class_list":["post-17","page","type-page","status-publish","hentry"],"_links":{"self":[{"href":"https:\/\/napnt.pl\/strona\/wp-json\/wp\/v2\/pages\/17","targetHints":{"allow":["GET"]}}],"collection":[{"href":"https:\/\/napnt.pl\/strona\/wp-json\/wp\/v2\/pages"}],"about":[{"href":"https:\/\/napnt.pl\/strona\/wp-json\/wp\/v2\/types\/page"}],"author":[{"embeddable":true,"href":"https:\/\/napnt.pl\/strona\/wp-json\/wp\/v2\/users\/1"}],"replies":[{"embeddable":true,"href":"https:\/\/napnt.pl\/strona\/wp-json\/wp\/v2\/comments?post=17"}],"version-history":[{"count":63,"href":"https:\/\/napnt.pl\/strona\/wp-json\/wp\/v2\/pages\/17\/revisions"}],"predecessor-version":[{"id":9512,"href":"https:\/\/napnt.pl\/strona\/wp-json\/wp\/v2\/pages\/17\/revisions\/9512"}],"wp:attachment":[{"href":"https:\/\/napnt.pl\/strona\/wp-json\/wp\/v2\/media?parent=17"}],"curies":[{"name":"wp","href":"https:\/\/api.w.org\/{rel}","templated":true}]}}