{"id":15,"date":"2012-10-04T18:55:01","date_gmt":"2012-10-04T16:55:01","guid":{"rendered":"http:\/\/napnt.pl\/strona\/?page_id=15"},"modified":"2024-02-20T19:14:43","modified_gmt":"2024-02-20T18:14:43","slug":"druzyny","status":"publish","type":"page","link":"https:\/\/napnt.pl\/strona\/druzyny\/","title":{"rendered":"Dru\u017cyny"},"content":{"rendered":"<h2 style=\"text-align: center;\"><span style=\"color: #bd1313;\"><strong>SEKCJA PI\u0141KI NO\u017bNEJ<\/strong><\/span><\/h2>\n<p><span style=\"color: #993300;\"><strong>1. ORLIK E2 (2013 i m\u0142odsi)<\/strong><\/span> &#8211; trener: Dawid Kaniewski, licencja UEFA A, tel. 600 802 931<\/p>\n<p><strong><span style=\"color: #993300;\">2. \u017bAK F1 (2014)<\/span><\/strong> &#8211; trener: Dawid Kaniewski, licencja UEFA A,\u00a0tel. 600 802 931<\/p>\n<p><strong><span style=\"color: #993300;\">3. \u017bAK F2 (2015)<\/span><\/strong> &#8211;\u00a0trener: Kacper Hildebrand, licencja UEFA B,\u00a0tel. 503 164 179<\/p>\n<p><span style=\"color: #993300;\"><strong>4. SKRZAT G1 (2016)<\/strong><\/span>\u00a0&#8211;\u00a0trener: Kacper Hildebrand, licencja UEFA B,\u00a0tel. 503 164 179<\/p>\n<p><strong><span style=\"color: #993300;\">5. SKRZAT G2 (2017 i m\u0142odsi)<\/span><\/strong> &#8211; nab\u00f3r wkr\u00f3tce<\/p>\n<p style=\"text-align: justify;\">Trenerem koordynatorem wszystkich grup sekcji pi\u0142ki no\u017cnej jest <strong><span style=\"color: #993300;\">Dawid Kaniewski tel.: 600 802 931<\/span><\/strong><\/p>\n<h2 style=\"text-align: center;\"><span style=\"color: #bd1313;\"><strong>SEKCJA PI\u0141KI\u00a0R\u0118CZNEJ<\/strong><\/span><\/h2>\n<p><span style=\"color: #993300;\"><strong>1.\u00a0GRUPA 2013 &#8211; 2014\u00a0&#8211; <\/strong><span style=\"color: #000000;\">\u00a0Marika Wicher<\/span><\/span><\/p>\n<p><span style=\"color: #993300;\"><strong>2.\u00a0GRUPA 2011 &#8211; 2012 &#8211;\u00a0<\/strong><span style=\"color: #000000;\">Marika Wicher<\/span><\/span><\/p>\n<p><span style=\"color: #993300;\"><strong>3. GRUPA 2009 &#8211; 2010<\/strong><\/span>\u00a0i<strong><span style=\"color: #993300;\">\u00a02011 &#8211; 2012<\/span><\/strong> &#8211; trener: Piotr Kostecki instruktor pi\u0142ki r\u0119cznej poziom I EHF, trener licencja C;\u00a0asysta: Marika Wicher<\/p>\n<p>Trenerem koordynatorem wszystkich grup sekcji pi\u0142ki r\u0119cznej jest <strong><span style=\"color: #993300;\">Piotr Kostecki tel.: 531 866 071<\/span><\/strong><\/p>\n","protected":false},"excerpt":{"rendered":"<p>SEKCJA PI\u0141KI NO\u017bNEJ 1. ORLIK E2 (2013 i m\u0142odsi) &#8211; trener: Dawid Kaniewski, licencja UEFA A, tel. 600 802 931 2. \u017bAK F1 (2014) &#8211; trener: Dawid Kaniewski, licencja UEFA A,\u00a0tel. 600 802 931 3. \u017bAK F2 (2015) &#8211;\u00a0trener: Kacper Hildebrand, licencja UEFA B,\u00a0tel. 503 164 179 4. SKRZAT G1 (2016)\u00a0&#8211;\u00a0trener: Kacper Hildebrand, licencja UEFA [&hellip;]<\/p>\n","protected":false},"author":1,"featured_media":0,"parent":0,"menu_order":0,"comment_status":"open","ping_status":"open","template":"","meta":{"_monsterinsights_skip_tracking":false,"_monsterinsights_sitenote_active":false,"_monsterinsights_sitenote_note":"","_monsterinsights_sitenote_category":0,"footnotes":""},"class_list":["post-15","page","type-page","status-publish","hentry"],"_links":{"self":[{"href":"https:\/\/napnt.pl\/strona\/wp-json\/wp\/v2\/pages\/15","targetHints":{"allow":["GET"]}}],"collection":[{"href":"https:\/\/napnt.pl\/strona\/wp-json\/wp\/v2\/pages"}],"about":[{"href":"https:\/\/napnt.pl\/strona\/wp-json\/wp\/v2\/types\/page"}],"author":[{"embeddable":true,"href":"https:\/\/napnt.pl\/strona\/wp-json\/wp\/v2\/users\/1"}],"replies":[{"embeddable":true,"href":"https:\/\/napnt.pl\/strona\/wp-json\/wp\/v2\/comments?post=15"}],"version-history":[{"count":64,"href":"https:\/\/napnt.pl\/strona\/wp-json\/wp\/v2\/pages\/15\/revisions"}],"predecessor-version":[{"id":9509,"href":"https:\/\/napnt.pl\/strona\/wp-json\/wp\/v2\/pages\/15\/revisions\/9509"}],"wp:attachment":[{"href":"https:\/\/napnt.pl\/strona\/wp-json\/wp\/v2\/media?parent=15"}],"curies":[{"name":"wp","href":"https:\/\/api.w.org\/{rel}","templated":true}]}}