{"id":11,"date":"2012-10-04T18:54:27","date_gmt":"2012-10-04T16:54:27","guid":{"rendered":"http:\/\/napnt.pl\/strona\/?page_id=11"},"modified":"2023-08-28T01:00:46","modified_gmt":"2023-08-27T23:00:46","slug":"statut-nap","status":"publish","type":"page","link":"https:\/\/napnt.pl\/strona\/statut-nap\/","title":{"rendered":"O Akademii"},"content":{"rendered":"<h4><strong>Z PASJI DO SPORTU, Z SZACUNKU DO TRADYCJI<\/strong><\/h4>\n<h4><span style=\"color: #b80000;\"><strong>Kim jeste\u015bmy<\/strong><\/span><\/h4>\n<p>Nowotomyska Akademia Pi\u0142karska \u2013 Polonia Nowy Tomy\u015bl jest klubem sportowym, prowadz\u0105cym <span style=\"color: #b80000;\"><strong>treningi pi\u0142ki no\u017cnej<\/strong> <strong>ch\u0142opc\u00f3w i dziewcz\u0105t<\/strong><\/span> oraz <span style=\"color: #b80000;\"><strong>pi\u0142ki r\u0119cznej dziewcz\u0105t<\/strong><\/span> dla grup m\u0142odzie\u017cowych w r\u00f3\u017cnym wieku (ju\u017c od 6 \/ 7 latk\u00f3w). Nab\u00f3r trwa ca\u0142y rok, tzn. <strong>mo\u017cna do nas do\u0142\u0105czy\u0107 w ka\u017cdej chwili, bez wzgl\u0119du na poziom umiej\u0119tno\u015bci<\/strong>.<\/p>\n<p>Stawiamy na <span style=\"color: #000000;\"><strong>profesjonalny i wszechstronny rozw\u00f3j<\/strong><\/span> m\u0142odych zawodnik\u00f3w. Kszta\u0142tujemy i rozwijamy motoryk\u0119, si\u0142\u0119, wytrzyma\u0142o\u015b\u0107, umiej\u0119tno\u015bci techniczno\u2013 taktyczne, a tak\u017ce charaktery i postawy prospo\u0142eczne naszych podopiecznych oraz dbamy o dobre relacje w zespole.<\/p>\n<p><strong>FAIR PLAY<\/strong>, balans mi\u0119dzy pewno\u015bci\u0105 siebie a pokor\u0105, rywalizacj\u0105 a wsp\u00f3\u0142prac\u0105, odwaga, wiara we w\u0142asne si\u0142y, a tak\u017ce sumienno\u015b\u0107, odpowiedzialno\u015b\u0107, lojalno\u015b\u0107, szacunek, akceptacja to umiej\u0119tno\u015bci spo\u0142eczne, kt\u00f3re procentuj\u0105 nie tylko na boisku. Motywujemy do osi\u0105gania dobrych wynik\u00f3w w nauce. Zale\u017cy nam na tym, aby to, co przekazujemy naszym wychowankom na treningach, towarzyszy\u0142o im na co dzie\u0144, pomagaj\u0105c w podejmowaniu trafnych \u017cyciowych \u00a0decyzji. Stawiamy na otwarty dialog i wsp\u00f3\u0142prac\u0119 z rodzicami naszych m\u0142odych zawodnik\u00f3w.<\/p>\n<p>Przygotowujemy do udzia\u0142u i uczestniczymy w <strong>m\u0142odzie\u017cowych rozgrywkach ligowych<\/strong>, a tak\u017ce w <strong>turniejach i sparingach<\/strong>.<\/p>\n<p><span style=\"color: #b80000;\"><strong>Organizujemy:<\/strong><\/span><\/p>\n<ul>\n<li>treningi pod okiem profesjonalnej kadry<\/li>\n<li>turnieje i sparingi<\/li>\n<li>p\u00f3\u0142kolonie \/ obozy dochodzeniowe, kondycyjno-kszta\u0142tuj\u0105ce<\/li>\n<li>wyjazdowe obozy kondycyjno-kszta\u0142tuj\u0105ce<\/li>\n<li>integracj\u0119 mi\u0119dzynarodow\u0105: wyjazdy, turnieje, gry i zabawy<\/li>\n<\/ul>\n<p><span style=\"color: #b80000;\"><strong>Trenujemy: <\/strong><\/span><\/p>\n<ul>\n<li>Nowy Tomy\u015bl (pi\u0142ka no\u017cna i pi\u0142ka r\u0119czna): os. P\u00f3\u0142noc, boisko ORLIK i hala SP 3, os. P\u00f3\u0142noc 25<\/li>\n<li>Rakoniewice (pi\u0142ka r\u0119czna): Hala Widowiskowo \u2013 Sportowa, ul. Nowotomyska 3<\/li>\n<\/ul>\n<p>Zapewniamy sprz\u0119t sportowy, w tym pi\u0142ki, dresy, stroje meczowe \u2013 bez op\u0142at dodatkowych.<\/p>\n<p>Wielu wychowank\u00f3w sekcji pi\u0142ki no\u017cnej, ze wzgl\u0119du na swoje nieprzeci\u0119tne umiej\u0119tno\u015bci pi\u0142karskie zosta\u0142o wytransferowanych do zespo\u0142\u00f3w zaplecza Ekstraklasy oraz zespo\u0142\u00f3w s\u0142yn\u0105cych z bardzo dobrej pracy z m\u0142odzie\u017c\u0105, np. Pogo\u0144 Szczecin, Zawisza Bydgoszcz, MKS B\u0142\u0119kitni Wronki. Wychowanki m\u0142odziutkiej sekcji pi\u0142ki r\u0119cznej zasili\u0142y szeregi SMS P\u0142ock oraz Bukowsko \u2013 Dopiewski KPR.<\/p>\n<p><span style=\"color: #b80000;\"><strong>Historia<\/strong><\/span><\/p>\n<p>NAP Polonia Nowy Tomy\u015bl jest kontynuatorem tradycji najstarszego nowotomyskiego klubu sportowego Huragan, kt\u00f3ry powsta\u0142 w 1922 roku, a od 1932 roku dzia\u0142a\u0142 pod nazw\u0105 Polonia. W sezonie 2010\/2011 Polonia bra\u0142a udzia\u0142 w rozgrywkach II ligi, jednak z powodu braku sponsora by\u0142a zmuszona wycofa\u0107 dru\u017cyn\u0119 w trakcie trwania rozgrywek.<\/p>\n<p>Ch\u0119\u0107 kultywowania pi\u0142karskich tradycji okaza\u0142a si\u0119 wa\u017cna i bliska sercu wielu Nowotomy\u015blan, \u0142\u0105cznie z \u00f3wczesnymi Radnymi Rady Miejskiej. Rol\u0119 kontynuatora powierzono Piotrowi Kosteckiemu, kt\u00f3ry w lipcu 2012 stan\u0105\u0142 na czele NAP Polonii i do dnia dzisiejszego pe\u0142ni funkcj\u0119 Prezesa Zarz\u0105du. \u015amia\u0142a wizja, pasja, zaanga\u017cowanie, konsekwencja i skuteczno\u015b\u0107 w dzia\u0142aniu, wysokie kompetencje trener\u00f3w, przychylno\u015b\u0107 samorz\u0105du i lokalnej spo\u0142eczno\u015bci, pozwoli\u0142y wskrzesi\u0107 nowotomysk\u0105 pi\u0142k\u0119 no\u017cn\u0105. W 2012 roku uruchomiono nab\u00f3r i utworzono dru\u017cyny m\u0142odzie\u017cowe. W gronie trener\u00f3w znalaz\u0142 si\u0119 Dawid Kaniewski, kt\u00f3ry do dzi\u015b, nieprzerwanie prowadzi dru\u017cyny NAP Polonii oraz zasiada w Zarz\u0105dzie klubu.<\/p>\n<p>Dynamiczny nap\u0142yw nowych podopiecznych w r\u00f3\u017cnym wieku, zaowocowa\u0142 tworzeniem kolejnych dru\u017cyn. Po niespe\u0142na 4 latach intensywnych trening\u00f3w reaktywowano dru\u017cyn\u0119 seniorsk\u0105. Wysoki poziom wyszkolenia spotka\u0142 si\u0119 z uznaniem Wielkopolskiego Zwi\u0105zku Pi\u0142ki No\u017cnej, kt\u00f3ry zezwoli\u0142 na start dru\u017cyny od razu w klasie A.<\/p>\n<p>Sekcja pi\u0142ki r\u0119cznej powsta\u0142a w II po\u0142owie 2019 roku, pocz\u0105tkowo skupiaj\u0105c dziewcz\u0119ta z terenu Powiatu Nowotomyskiego. Wkr\u00f3tce NAP Polonia utworzy\u0142a kolejn\u0105 \u017ce\u0144sk\u0105 dru\u017cyn\u0119 w Rakoniewicach, a w sezonie 2021\/2022 zadebiutowa\u0142a w m\u0142odzie\u017cowych rozgrywkach ligowych Wielkopolskiego Zwi\u0105zku Pi\u0142ki R\u0119cznej.<\/p>\n","protected":false},"excerpt":{"rendered":"<p>Z PASJI DO SPORTU, Z SZACUNKU DO TRADYCJI Kim jeste\u015bmy Nowotomyska Akademia Pi\u0142karska \u2013 Polonia Nowy Tomy\u015bl jest klubem sportowym, prowadz\u0105cym treningi pi\u0142ki no\u017cnej ch\u0142opc\u00f3w i dziewcz\u0105t oraz pi\u0142ki r\u0119cznej dziewcz\u0105t dla grup m\u0142odzie\u017cowych w r\u00f3\u017cnym wieku (ju\u017c od 6 \/ 7 latk\u00f3w). Nab\u00f3r trwa ca\u0142y rok, tzn. mo\u017cna do nas do\u0142\u0105czy\u0107 w ka\u017cdej chwili, [&hellip;]<\/p>\n","protected":false},"author":1,"featured_media":0,"parent":0,"menu_order":0,"comment_status":"open","ping_status":"open","template":"","meta":{"_monsterinsights_skip_tracking":false,"_monsterinsights_sitenote_active":false,"_monsterinsights_sitenote_note":"","_monsterinsights_sitenote_category":0,"footnotes":""},"class_list":["post-11","page","type-page","status-publish","hentry"],"_links":{"self":[{"href":"https:\/\/napnt.pl\/strona\/wp-json\/wp\/v2\/pages\/11","targetHints":{"allow":["GET"]}}],"collection":[{"href":"https:\/\/napnt.pl\/strona\/wp-json\/wp\/v2\/pages"}],"about":[{"href":"https:\/\/napnt.pl\/strona\/wp-json\/wp\/v2\/types\/page"}],"author":[{"embeddable":true,"href":"https:\/\/napnt.pl\/strona\/wp-json\/wp\/v2\/users\/1"}],"replies":[{"embeddable":true,"href":"https:\/\/napnt.pl\/strona\/wp-json\/wp\/v2\/comments?post=11"}],"version-history":[{"count":26,"href":"https:\/\/napnt.pl\/strona\/wp-json\/wp\/v2\/pages\/11\/revisions"}],"predecessor-version":[{"id":9463,"href":"https:\/\/napnt.pl\/strona\/wp-json\/wp\/v2\/pages\/11\/revisions\/9463"}],"wp:attachment":[{"href":"https:\/\/napnt.pl\/strona\/wp-json\/wp\/v2\/media?parent=11"}],"curies":[{"name":"wp","href":"https:\/\/api.w.org\/{rel}","templated":true}]}}